{"id":7562,"date":"2026-03-07T18:05:50","date_gmt":"2026-03-07T17:05:50","guid":{"rendered":"https:\/\/www.tourguideme-berlin.com\/?page_id=7562"},"modified":"2026-03-10T06:54:55","modified_gmt":"2026-03-10T05:54:55","slug":"aviso-legal","status":"publish","type":"page","link":"https:\/\/www.tourguideme-berlin.com\/es\/aviso-legal\/","title":{"rendered":"Aviso Legal"},"content":{"rendered":"<p><!-- \u2500\u2500 BLOCK 1: INTRO \u2500\u2500 --><\/p>\n<section class=\"impressum-intro\" aria-labelledby=\"impressum-title\">\n<div class=\"container\">\n<h1 id=\"impressum-title\">Aviso Legal (Impressum)<\/h1>\n<p>Informaci\u00f3n conforme al <strong>\u00a7 5 DDG<\/strong> (Digitale-Dienste-Gesetz \u2013 Ley alemana de Servicios Digitales).<\/p>\n<p class=\"mb-cta\" role=\"group\" aria-label=\"Volver a la p\u00e1gina de inicio\"><a class=\"btn btn-secondary\" href=\"https:\/\/www.tourguideme-berlin.com\/es\/\">\ud83c\udfe0 Volver a la p\u00e1gina de inicio<\/a><\/p>\n<\/div>\n<\/section>\n<hr aria-hidden=\"true\" \/>\n<section id=\"impressum-anbieter\" class=\"impressum-section\" aria-labelledby=\"impressum-anbieter-title\">\n<div class=\"container\">\n<h2 id=\"impressum-anbieter-title\">Proveedor del servicio<\/h2>\n<address><strong>AnSou Anhalter Souvenirs UG (haftungsbeschr\u00e4nkt)<\/strong><br \/>\nKantstra\u00dfe 141<br \/>\n10623 Berlin<br \/>\nAlemania<\/p>\n<\/address>\n<h3 id=\"impressum-vertretung\">Director gerente autorizado<\/h3>\n<p>Franco Mey<\/p>\n<p class=\"mb-cta\" role=\"group\" aria-label=\"Consulta por correo\"><a class=\"btn btn-secondary\" href=\"mailto:info@tourguideme-berlin.com?subject=Consulta%20%E2%80%93%20TourguideMe%20Berlin\">\ud83d\udce7 Enviar consulta<\/a><\/p>\n<\/div>\n<\/section>\n<hr aria-hidden=\"true\" \/>\n<section id=\"impressum-kontakt\" class=\"impressum-section\" aria-labelledby=\"impressum-kontakt-title\">\n<div class=\"container\">\n<h2 id=\"impressum-kontakt-title\">Contacto<\/h2>\n<p>Tel\u00e9fono: <a href=\"tel:+4915129460999\">+49 151 2946 0999<\/a><br \/>\nCorreo electr\u00f3nico: <a href=\"mailto:info@tourguideme-berlin.com\">info@tourguideme-berlin.com<\/a><br \/>\nSitio web: <a href=\"https:\/\/www.tourguideme-berlin.com\/es\/\">www.tourguideme-berlin.com<\/a><\/p>\n<div class=\"cta-block__actions\" role=\"group\" aria-label=\"Opciones de contacto\">\n<p class=\"mb-cta\"><a class=\"btn btn-secondary\" href=\"mailto:info@tourguideme-berlin.com?subject=Consulta%20%E2%80%93%20TourguideMe%20Berlin\">\ud83d\udce7 Enviar correo<\/a><\/p>\n<p class=\"mb-cta\"><a class=\"btn btn-whatsapp\" style=\"color: #25d366;\" href=\"https:\/\/wa.me\/4915129460999?text=Hola%2C%20tengo%20una%20pregunta%20para%20TourguideMe%20Berlin.\" target=\"_blank\" rel=\"noopener noreferrer\" aria-label=\"Contacto por WhatsApp (abre ventana nueva)\">\ud83d\udcac WhatsApp<\/a><\/p>\n<p class=\"mb-cta\"><a class=\"btn btn-phone\" href=\"tel:+4915129460999\"><span aria-hidden=\"true\">\ud83d\udcde<\/span> +49 151 2946 0999<\/a><\/p>\n<\/div>\n<\/div>\n<\/section>\n<hr aria-hidden=\"true\" \/>\n<section id=\"impressum-register\" class=\"impressum-section\" aria-labelledby=\"impressum-register-title\">\n<div class=\"container\">\n<h2 id=\"impressum-register-title\">Registro mercantil<\/h2>\n<p>Inscripci\u00f3n en el Registro Mercantil (Handelsregister):<br \/>\nJuzgado de registro: Amtsgericht Charlottenburg (Berl\u00edn)<br \/>\nN\u00famero de registro: HRB 230626 B<\/p>\n<\/div>\n<\/section>\n<hr aria-hidden=\"true\" \/>\n<section id=\"impressum-steuer\" class=\"impressum-section\" aria-labelledby=\"impressum-steuer-title\">\n<div class=\"container\">\n<h2 id=\"impressum-steuer-title\">Informaci\u00f3n fiscal<\/h2>\n<p>N\u00famero fiscal: 27\/209\/50221<br \/>\nN\u00famero de identificaci\u00f3n del IVA conforme al \u00a7 27a de la Ley alemana del IVA (Umsatzsteuergesetz): <strong>DE343584411<\/strong><\/p>\n<\/div>\n<\/section>\n<hr aria-hidden=\"true\" \/>\n<section id=\"impressum-redaktion\" class=\"impressum-section\" aria-labelledby=\"impressum-redaktion-title\">\n<div class=\"container\">\n<h2 id=\"impressum-redaktion-title\">Responsable editorial<\/h2>\n<p>Franco Mey<br \/>\nKantstra\u00dfe 141<br \/>\n10623 Berlin<\/p>\n<\/div>\n<\/section>\n<hr aria-hidden=\"true\" \/>\n<section id=\"impressum-streitschlichtung\" class=\"impressum-section\" aria-labelledby=\"impressum-streitschlichtung-title\">\n<div class=\"container\">\n<h2 id=\"impressum-streitschlichtung-title\">Resoluci\u00f3n de conflictos de consumo<\/h2>\n<p>La plataforma de Resoluci\u00f3n de Litigios en L\u00ednea (ODR) de la Comisi\u00f3n Europea fue desactivada el 20 de julio de 2025. Por tanto, la resoluci\u00f3n de litigios en l\u00ednea ya no est\u00e1 disponible.<\/p>\n<p>No estamos dispuestos ni obligados a participar en procedimientos de resoluci\u00f3n de conflictos ante una junta arbitral de consumo (\u00a7 36(1) VSBG \u2013 Verbraucherstreitbeilegungsgesetz).<\/p>\n<\/div>\n<\/section>\n<hr aria-hidden=\"true\" \/>\n<section id=\"impressum-haftung\" class=\"impressum-section\" aria-labelledby=\"impressum-haftung-title\">\n<div class=\"container\">\n<h2 id=\"impressum-haftung-title\">Avisos legales<\/h2>\n<h3 id=\"impressum-haftung-inhalte\">Responsabilidad por el contenido<\/h3>\n<p>Como proveedor de servicios, somos responsables de nuestro propio contenido en estas p\u00e1ginas conforme al \u00a7 7(1) DDG (Ley alemana de Servicios Digitales) y la legislaci\u00f3n general. Sin embargo, conforme a los \u00a7\u00a7 8 a 10 DDG, no estamos obligados como proveedor de servicios a supervisar la informaci\u00f3n de terceros transmitida o almacenada ni a investigar circunstancias que indiquen una actividad ilegal. Las obligaciones de eliminar o bloquear el uso de informaci\u00f3n conforme a la legislaci\u00f3n general no se ven afectadas.<\/p>\n<h3 id=\"impressum-haftung-links\">Responsabilidad por enlaces<\/h3>\n<p>Nuestro sitio web contiene enlaces a sitios web externos de terceros sobre cuyo contenido no tenemos influencia. Por tanto, no podemos asumir responsabilidad por dicho contenido de terceros. El proveedor u operador respectivo de las p\u00e1ginas enlazadas es siempre responsable de su contenido. Las p\u00e1ginas enlazadas fueron revisadas en busca de posibles infracciones legales en el momento del enlace. No se identific\u00f3 contenido ilegal en el momento del enlace. Sin embargo, un control permanente del contenido de las p\u00e1ginas enlazadas no es razonable sin indicios concretos de una infracci\u00f3n legal. Si tenemos conocimiento de infracciones legales, eliminaremos dichos enlaces de inmediato.<\/p>\n<h3 id=\"impressum-haftung-urheberrecht\">Derechos de autor<\/h3>\n<p>Los contenidos y obras creados por los operadores de este sitio est\u00e1n sujetos a la legislaci\u00f3n alemana de derechos de autor. La reproducci\u00f3n, edici\u00f3n, distribuci\u00f3n y cualquier tipo de uso fuera de los l\u00edmites de la ley de derechos de autor requieren el consentimiento escrito del autor o creador respectivo. Las descargas y copias de esta p\u00e1gina solo est\u00e1n permitidas para uso privado y no comercial.<\/p>\n<\/div>\n<\/section>\n<hr aria-hidden=\"true\" \/>\n<section id=\"impressum-verweise\" class=\"impressum-section\" aria-labelledby=\"impressum-verweise-title\">\n<div class=\"container\">\n<h2 id=\"impressum-verweise-title\">M\u00e1s informaci\u00f3n<\/h2>\n<ul role=\"list\">\n<li><a href=\"https:\/\/www.tourguideme-berlin.com\/es\/politica-de-privacidad\/\">\ud83d\udd12 Pol\u00edtica de Privacidad<\/a><\/li>\n<li><a href=\"https:\/\/www.tourguideme-berlin.com\/es\/agb\/\">\ud83d\udccb T\u00e9rminos y Condiciones<\/a><\/li>\n<li><a href=\"https:\/\/www.tourguideme-berlin.com\/es\/faq\/\">\u2753 Preguntas frecuentes (FAQ)<\/a><\/li>\n<\/ul>\n<\/div>\n<\/section>\n<hr aria-hidden=\"true\" \/>\n<section id=\"impressum-cta\" class=\"cta-block\" aria-labelledby=\"impressum-cta-title\">\n<div class=\"container\">\n<h2 id=\"impressum-cta-title\"><span aria-hidden=\"true\">\ud83d\udce9<\/span> \u00bfListo para un tour guiado?<\/h2>\n<p>Descubre Berl\u00edn con un gu\u00eda privado \u2013 individual, personal, inolvidable.<\/p>\n<div class=\"cta-block__actions\" role=\"group\" aria-label=\"Opciones de contacto\">\n<p class=\"mb-cta\"><a class=\"btn btn-primary\" href=\"https:\/\/www.tourguideme-berlin.com\/es\/tours\/\">\ud83c\udfdb\ufe0f Todos los tours y precios<\/a><\/p>\n<p class=\"mb-cta\"><a class=\"btn btn-secondary\" href=\"mailto:info@tourguideme-berlin.com?subject=Consulta%20Reserva%20%E2%80%93%20TourguideMe%20Berlin\">\ud83d\udce7 Enviar consulta<\/a><\/p>\n<p class=\"mb-cta\"><a class=\"btn btn-whatsapp\" style=\"color: #25d366;\" href=\"https:\/\/wa.me\/4915129460999?text=Hola%2C%20me%20gustar%C3%ADa%20reservar%20un%20tour%20guiado%20en%20Berl%C3%ADn.\" target=\"_blank\" rel=\"noopener noreferrer\" aria-label=\"Reservar por WhatsApp (abre ventana nueva)\">\ud83d\udcac WhatsApp<\/a><\/p>\n<p class=\"mb-cta\"><a class=\"btn btn-phone\" href=\"tel:+4915129460999\"><span aria-hidden=\"true\">\ud83d\udcde<\/span> +49 151 2946 0999<\/a><\/p>\n<\/div>\n<p class=\"small\"><strong>Consejo:<\/strong> Explora nuestros <a href=\"https:\/\/www.tourguideme-berlin.com\/es\/tours\/\">tours y precios<\/a>, compara un <a href=\"https:\/\/www.tourguideme-berlin.com\/es\/paseo-guiado-berlin\/\">paseo guiado a pie<\/a> con un <a href=\"https:\/\/www.tourguideme-berlin.com\/es\/recorrido-berlin\/\">recorrido en veh\u00edculo<\/a> o descubre las <a href=\"https:\/\/www.tourguideme-berlin.com\/es\/atracciones-berlin\/\">principales atracciones<\/a>. <strong>Excursiones de un d\u00eda:<\/strong> <a href=\"https:\/\/tourguideme-potsdam.com\/\">descubre Potsdam<\/a>.<\/p>\n<p class=\"mb-cta\" role=\"group\" aria-label=\"Navegaci\u00f3n\"><a class=\"btn btn-secondary\" href=\"https:\/\/www.tourguideme-berlin.com\/es\/\">\ud83c\udfe0 Volver a la p\u00e1gina de inicio<\/a><\/p>\n<p class=\"footer-copy\" style=\"text-align: center;\">\u00a9 TourguideMe Berlin \u2013 Tours guiados privados y recorridos urbanos en Berl\u00edn desde 2015.<\/p>\n<\/div>\n<\/section>\n<p><!-- \u2550\u2550\u2550\u2550\u2550\u2550\u2550 SCHEMA \u2550\u2550\u2550\u2550\u2550\u2550\u2550 --><br \/>\n<script type=\"application\/ld+json\">\n{\n  \"@context\": \"https:\/\/schema.org\",\n  \"@graph\": [\n    {\"@type\": \"WebSite\", \"@id\": \"https:\/\/www.tourguideme-berlin.com\/#website\", \"url\": \"https:\/\/www.tourguideme-berlin.com\/\", \"name\": \"TourguideMe Berlin\", \"inLanguage\": [\"de\",\"en\",\"es\"], \"publisher\": {\"@id\": \"https:\/\/www.tourguideme-berlin.com\/#localbusiness\"}},\n    {\"@type\": \"WebPage\", \"@id\": \"https:\/\/www.tourguideme-berlin.com\/es\/aviso-legal\/#webpage\", \"url\": \"https:\/\/www.tourguideme-berlin.com\/es\/aviso-legal\/\", \"name\": \"Aviso Legal | TourguideMe Berlin\", \"description\": \"Aviso legal (Impressum) de TourguideMe Berlin \u2013 Informaci\u00f3n conforme al \u00a7 5 DDG. Proveedor: AnSou Anhalter Souvenirs UG (haftungsbeschr\u00e4nkt), Berl\u00edn.\", \"datePublished\": \"2015-01-01\", \"dateModified\": \"2026-03-07\", \"isPartOf\": {\"@id\": \"https:\/\/www.tourguideme-berlin.com\/#website\"}, \"about\": {\"@id\": \"https:\/\/www.tourguideme-berlin.com\/#localbusiness\"}, \"breadcrumb\": {\"@id\": \"https:\/\/www.tourguideme-berlin.com\/es\/aviso-legal\/#breadcrumb\"}, \"inLanguage\": \"es\", \"translationOfWork\": {\"@id\": \"https:\/\/www.tourguideme-berlin.com\/impressum\/#webpage\"}, \"significantLink\": [\"https:\/\/www.tourguideme-berlin.com\/es\/politica-de-privacidad\/\",\"https:\/\/www.tourguideme-berlin.com\/es\/agb\/\",\"https:\/\/www.tourguideme-berlin.com\/es\/faq\/\"], \"speakable\": {\"@type\": \"SpeakableSpecification\", \"cssSelector\": [\"#impressum-title\",\"#impressum-anbieter-title\",\"#impressum-kontakt-title\"]}},\n    {\"@type\": \"BreadcrumbList\", \"@id\": \"https:\/\/www.tourguideme-berlin.com\/es\/aviso-legal\/#breadcrumb\", \"itemListElement\": [{\"@type\": \"ListItem\", \"position\": 1, \"name\": \"Inicio\", \"item\": \"https:\/\/www.tourguideme-berlin.com\/es\/\"},{\"@type\": \"ListItem\", \"position\": 2, \"name\": \"Aviso Legal\", \"item\": \"https:\/\/www.tourguideme-berlin.com\/es\/aviso-legal\/\"}]},\n    {\"@type\": [\"LocalBusiness\",\"TravelAgency\"], \"@id\": \"https:\/\/www.tourguideme-berlin.com\/#localbusiness\", \"name\": \"TourguideMe Berlin\", \"legalName\": \"AnSou Anhalter Souvenirs UG (haftungsbeschr\u00e4nkt)\", \"url\": \"https:\/\/www.tourguideme-berlin.com\/\", \"telephone\": \"+49 151 29460999\", \"email\": \"info@tourguideme-berlin.com\", \"priceRange\": \"\u20ac \u2013 \u20ac\u20ac\u20ac\", \"knowsLanguage\": [\"es\",\"en\",\"de\"], \"foundingDate\": \"2015\", \"vatID\": \"DE343584411\", \"taxID\": \"27\/209\/50221\", \"address\": {\"@type\": \"PostalAddress\", \"streetAddress\": \"Kantstra\u00dfe 141\", \"postalCode\": \"10623\", \"addressLocality\": \"Berlin\", \"addressRegion\": \"Berlin\", \"addressCountry\": \"DE\"}, \"parentOrganization\": {\"@type\": \"Organization\", \"name\": \"AnSou Anhalter Souvenirs UG (haftungsbeschr\u00e4nkt)\", \"legalName\": \"AnSou Anhalter Souvenirs UG (haftungsbeschr\u00e4nkt)\", \"vatID\": \"DE343584411\", \"identifier\": {\"@type\": \"PropertyValue\", \"propertyID\": \"Handelsregister\", \"value\": \"HRB 230626 B\"}}, \"areaServed\": [{\"@type\": \"City\", \"name\": \"Berl\u00edn\", \"sameAs\": [\"https:\/\/es.wikipedia.org\/wiki\/Berl%C3%ADn\",\"https:\/\/www.wikidata.org\/wiki\/Q64\"]},{\"@type\": \"City\", \"name\": \"Potsdam\", \"sameAs\": [\"https:\/\/es.wikipedia.org\/wiki\/Potsdam\",\"https:\/\/www.wikidata.org\/wiki\/Q1711\"]}], \"geo\": {\"@type\": \"GeoCoordinates\", \"latitude\": 52.5057, \"longitude\": 13.3193}, \"hasMap\": \"https:\/\/www.google.com\/maps?q=Kantstra%C3%9Fe+141,+10623+Berlin\", \"founder\": {\"@type\": \"Person\", \"name\": \"Max Gonzalez\", \"jobTitle\": \"Historiador y Gu\u00eda Tur\u00edstico\", \"hasCredential\": {\"@type\": \"EducationalOccupationalCredential\", \"name\": \"Gu\u00eda Tur\u00edstico Certificado\", \"credentialCategory\": \"Certification\", \"recognizedBy\": {\"@type\": \"Organization\", \"name\": \"IHK Berlin\"}}}, \"sameAs\": [\"https:\/\/www.google.com\/maps\/place\/?q=place_id:ChIJ6wd56yBRqEcR1Po4lS60faU\",\"https:\/\/www.tripadvisor.de\/Attraction_Review-g187323-d11805413-Reviews-TourguideMe_Berlin-Berlin.html\",\"https:\/\/www.getyourguide.de\/berlin-l17\/berlin-rundgang-durch-die-top-10-sightseeing-attraktionen-t95631\/\"]}\n  ]\n}\n<\/script><\/p>\n","protected":false},"excerpt":{"rendered":"<p>Aviso Legal (Impressum) Informaci\u00f3n conforme al \u00a7 5 DDG (Digitale-Dienste-Gesetz \u2013 Ley alemana de Servicios Digitales). \ud83c\udfe0 Volver a la p\u00e1gina de inicio Proveedor del servicio AnSou Anhalter Souvenirs UG (haftungsbeschr\u00e4nkt) Kantstra\u00dfe 141 10623 Berlin Alemania Director gerente autorizado Franco Mey \ud83d\udce7 Enviar consulta Contacto Tel\u00e9fono: +49 151 2946 0999 Correo electr\u00f3nico: info@tourguideme-berlin.com Sitio web:<\/p>\n","protected":false},"author":3,"featured_media":0,"parent":0,"menu_order":0,"comment_status":"open","ping_status":"open","template":"","meta":{"footnotes":""},"class_list":["post-7562","page","type-page","status-publish","hentry"],"_links":{"self":[{"href":"https:\/\/www.tourguideme-berlin.com\/es\/wp-json\/wp\/v2\/pages\/7562","targetHints":{"allow":["GET"]}}],"collection":[{"href":"https:\/\/www.tourguideme-berlin.com\/es\/wp-json\/wp\/v2\/pages"}],"about":[{"href":"https:\/\/www.tourguideme-berlin.com\/es\/wp-json\/wp\/v2\/types\/page"}],"author":[{"embeddable":true,"href":"https:\/\/www.tourguideme-berlin.com\/es\/wp-json\/wp\/v2\/users\/3"}],"replies":[{"embeddable":true,"href":"https:\/\/www.tourguideme-berlin.com\/es\/wp-json\/wp\/v2\/comments?post=7562"}],"version-history":[{"count":5,"href":"https:\/\/www.tourguideme-berlin.com\/es\/wp-json\/wp\/v2\/pages\/7562\/revisions"}],"predecessor-version":[{"id":7632,"href":"https:\/\/www.tourguideme-berlin.com\/es\/wp-json\/wp\/v2\/pages\/7562\/revisions\/7632"}],"wp:attachment":[{"href":"https:\/\/www.tourguideme-berlin.com\/es\/wp-json\/wp\/v2\/media?parent=7562"}],"curies":[{"name":"wp","href":"https:\/\/api.w.org\/{rel}","templated":true}]}}