{"id":7496,"date":"2026-03-07T07:08:20","date_gmt":"2026-03-07T06:08:20","guid":{"rendered":"https:\/\/www.tourguideme-berlin.com\/?page_id=7496"},"modified":"2026-03-10T15:38:44","modified_gmt":"2026-03-10T14:38:44","slug":"resenas","status":"publish","type":"page","link":"https:\/\/www.tourguideme-berlin.com\/es\/resenas\/","title":{"rendered":"Rese\u00f1as"},"content":{"rendered":"<p><!-- \u2500\u2500 BLOCK 2: RESE\u00d1AS \u2500\u2500 --><\/p>\n<section class=\"testimonials\" aria-labelledby=\"testimonials-title\">\n<div class=\"container\">\n<h2 id=\"testimonials-title\"><span aria-hidden=\"true\">\u2b50<\/span> Rese\u00f1as \u2013 TourguideMe Berlin<\/h2>\n<p>M\u00e1s de 180 valoraciones con una media de <strong>4,9 de 5,0 estrellas<\/strong> en Google, Tripadvisor y GetYourGuide. Voces reales de familias, parejas, empresas y visitantes internacionales de <a href=\"https:\/\/es.wikipedia.org\/wiki\/Berl%C3%ADn\" target=\"_blank\" rel=\"noopener noreferrer nofollow\">Berl\u00edn<\/a> y de todo el mundo \u2013 las m\u00e1s recientes primero.<\/p>\n<blockquote lang=\"en\">\n<p>\u2b50\u2b50\u2b50\u2b50\u2b50 \u00abCarlos, our guide, was very friendly and informative. We had a very good walk around Berlin. Passing all the major attractions. He was very knowledgeable as he had actually lived through the wall falling etc. I would recommend this tour to anyone.\u00bb<\/p>\n<footer><strong>\u2013 Gordon<\/strong>, Reino Unido \u00b7 <time datetime=\"2025-12\">Diciembre 2025<\/time> \u00b7 <em>Top 20 Sightseeing Tour \u00b7 GetYourGuide<\/em><\/footer>\n<\/blockquote>\n<blockquote lang=\"de\">\n<p>\u2b50\u2b50\u2b50\u2b50\u2b50 \u201eWir waren nur zu zweit mit unserem Guide. Er war sehr nett und hat uns sehr viele Informationen gegeben, er wusste auf alles eine Antwort. Der Weg war lang doch sehr informativ und gut gew\u00e4hlt.\u00bb<\/p>\n<footer><strong>\u2013 Sandy<\/strong>, Luxemburgo \u00b7 <time datetime=\"2025-08\">Agosto 2025<\/time> \u00b7 <em>Top 20 Sightseeing Tour \u00b7 GetYourGuide<\/em><\/footer>\n<\/blockquote>\n<blockquote lang=\"en\">\n<p>\u2b50\u2b50\u2b50\u2b50\u2b50 \u00abOur guide, Max, was very knowledgeable and answered all our questions. He allowed us time to take photos and take all the information in. It was truly a memorable experience.\u00bb<\/p>\n<footer><strong>\u2013 Trevor<\/strong>, Canad\u00e1 \u00b7 <time datetime=\"2024-12\">Diciembre 2024<\/time> \u00b7 <em>Top 10 Sightseeing Tour \u00b7 GetYourGuide<\/em><\/footer>\n<\/blockquote>\n<blockquote lang=\"de\">\n<p>\u2b50\u2b50\u2b50\u2b50\u2b50 \u201eSehr gut. Wir hatten eine Privatf\u00fchrung und der F\u00fchrer ging auf unsere Fragen ein und hat sehr kompetent erz\u00e4hlt. Es war SUPER!!!!\u00bb<\/p>\n<footer><strong>\u2013 Hu\u00e9sped<\/strong>, Suiza \u00b7 <time datetime=\"2024-12\">Diciembre 2024<\/time> \u00b7 <em>Top 10 Sightseeing Tour \u00b7 GetYourGuide<\/em><\/footer>\n<\/blockquote>\n<blockquote lang=\"de\">\n<p>\u2b50\u2b50\u2b50\u2b50\u2b50 \u201eUnser Guide war super nett, kompetent und freundlich. Er ist auf alle Fragen eingegangen und hatte eine super Kenntnis \u00fcber Berlin. Immer wieder gerne.\u00bb<\/p>\n<footer><strong>\u2013 Steffi<\/strong>, Alemania \u00b7 <time datetime=\"2024-11\">Noviembre 2024<\/time> \u00b7 <em>Top 10 Sightseeing Tour \u00b7 GetYourGuide<\/em><\/footer>\n<\/blockquote>\n<blockquote lang=\"de\">\n<p>\u2b50\u2b50\u2b50\u2b50\u2b50 \u201eDer Guide hat sich sehr viel M\u00fche gegeben, sich viel Zeit genommen und uns sehr viel gezeigt. Wir waren sehr zufrieden und haben einen super \u00dcberblick erhalten.\u00bb<\/p>\n<footer><strong>\u2013 Hu\u00e9sped<\/strong>, Alemania \u00b7 <time datetime=\"2024-10\">Octubre 2024<\/time> \u00b7 <em>Top 10 Sightseeing Tour \u00b7 GetYourGuide<\/em><\/footer>\n<\/blockquote>\n<blockquote lang=\"de\">\n<p>\u2b50\u2b50\u2b50\u2b50\u2b50 \u201eSehr interessante, abwechslungsreiche Tour bei einem ausgezeichnet informierten Guide, der f\u00fcr uns auch noch deutlich \u00fcberzogen hat. Top!\u00bb<\/p>\n<footer><strong>\u2013 Hu\u00e9sped<\/strong>, Alemania \u00b7 <time datetime=\"2024-10\">Octubre 2024<\/time> \u00b7 <em>Top 10 Sightseeing Tour \u00b7 GetYourGuide<\/em><\/footer>\n<\/blockquote>\n<blockquote lang=\"de\">\n<p>\u2b50\u2b50\u2b50\u2b50\u2b50 \u201eEinen Gru\u00df an Carlo. Unsere Familie aus Italien war absolut zufrieden. Zwei Stunden lang wurde man mit allen Informationen versorgt. Nat\u00fcrlich ist es optimal, dass man einen Stadtf\u00fchrer nur f\u00fcr sich hat.\u00bb<\/p>\n<footer><strong>\u2013 Petra<\/strong>, <time datetime=\"2018-09\">Septiembre 2018<\/time> \u00b7 <em>Google<\/em><\/footer>\n<\/blockquote>\n<blockquote lang=\"de\">\n<p>\u2b50\u2b50\u2b50\u2b50\u2b50 \u201eKlasse F\u00fchrung mit Carlo zu den Top Highlights in Berlin. Sehr informativ und v.a. individuell! Sehr zu empfehlen.\u00bb<\/p>\n<footer><strong>\u2013 Hu\u00e9sped<\/strong>, <time datetime=\"2018-05\">Mayo 2018<\/time> \u00b7 <em>Google<\/em><\/footer>\n<\/blockquote>\n<blockquote lang=\"de\">\n<p>\u2b50\u2b50\u2b50\u2b50\u2b50 \u201eUnser Stadtf\u00fchrer Sven hatte ein unglaublich geschichtliches Wissen, was er mit einer lustigen, sehr angenehmen Art weitergegeben hat. Die Zeitdauer von 2 Std. ist genau richtig.\u00bb<\/p>\n<footer><strong>\u2013 Hu\u00e9sped<\/strong>, <time datetime=\"2018-04\">Abril 2018<\/time> \u00b7 <em>Google<\/em><\/footer>\n<\/blockquote>\n<blockquote lang=\"de\">\n<p>\u2b50\u2b50\u2b50\u2b50\u2b50 \u201eTOP Event \u2013 Must Have f\u00fcr Berlin Reisende! Kompetenter Reisef\u00fchrer mit zahlreichen Hintergrundinformationen! Ideal f\u00fcr Familien.\u00bb<\/p>\n<footer><strong>\u2013 Hu\u00e9sped<\/strong>, <time datetime=\"2018-01\">Enero 2018<\/time> \u00b7 <em>Google<\/em><\/footer>\n<\/blockquote>\n<blockquote lang=\"de\">\n<p>\u2b50\u2b50\u2b50\u2b50\u2b50 \u201eCarlo hat uns eine 1A-F\u00fchrung durch Berlin beschert. Er kennt sich enorm gut aus und kann sein Wissen auf eine freundliche und unaufdringliche Art und Weise weitergeben.\u00bb<\/p>\n<footer><strong>\u2013 Hu\u00e9sped<\/strong>, <time datetime=\"2018-05\">Mayo 2018<\/time> \u00b7 <em>Google<\/em><\/footer>\n<\/blockquote>\n<p class=\"mb-cta\" role=\"group\" aria-label=\"Reservar tour\"><a class=\"btn btn-primary\" href=\"https:\/\/www.tourguideme-berlin.com\/es\/tours\/\">\ud83c\udfdb\ufe0f Reservar un tour<\/a><\/p>\n<p class=\"mb-cta\" role=\"group\" aria-label=\"Consulta\"><a class=\"btn btn-secondary\" href=\"mailto:info@tourguideme-berlin.com?subject=Consulta%20Tour%20Guiado%20Berl%C3%ADn%20%E2%80%93%20Rese%C3%B1as\">\ud83d\udce7 Enviar consulta<\/a><\/p>\n<\/div>\n<\/section>\n<hr aria-hidden=\"true\" \/>\n<p><!-- \u2500\u2500 BLOCK 3: EMPRESAS E INVITADOS INTERNACIONALES \u2500\u2500 --><\/p>\n<section class=\"testimonials-business\" aria-labelledby=\"business-title\">\n<div class=\"container\">\n<h2 id=\"business-title\"><span aria-hidden=\"true\">\ud83c\udfe2<\/span> Empresas e invitados internacionales<\/h2>\n<p>Tambi\u00e9n empresas y visitantes internacionales conf\u00edan en TourguideMe Berlin:<\/p>\n<blockquote lang=\"de\">\n<p>\u2b50\u2b50\u2b50\u2b50\u2b50 \u201eVielen herzlichen Dank! Die F\u00fchrung war sehr toll. Die Kollegen haben geschw\u00e4rmt. Gro\u00dfes Lob an den jungen Herren \u2013 sehr professionell mit Berliner Charme \u2013 einfach spitze!\u00bb<\/p>\n<footer><strong>\u2013 Variotherm Heizsysteme GmbH<\/strong>, Leobersdorf, Austria \u00b7 <time datetime=\"2017-11\">Noviembre 2017<\/time><\/footer>\n<\/blockquote>\n<blockquote lang=\"en\">\n<p>\u2b50\u2b50\u2b50\u2b50\u2b50 \u00abThank you so much for the fantastic guides, Mr Weber. The participants were thrilled and thoroughly enjoyed the tour. We will definitely book again at the next opportunity!\u00bb<\/p>\n<footer><strong>\u2013 Vanessa Schauder, R\u00f6chling Engineering Plastics<\/strong>, Dallas<\/footer>\n<\/blockquote>\n<blockquote lang=\"en\">\n<p>\u2b50\u2b50\u2b50\u2b50\u2b50 \u00abThis short walking tour was very informative. Our guide Carlo was friendly and gave us a lot of information plus providing a Berliner&#8217;s insight into the city and its history. Highly recommended.\u00bb<\/p>\n<footer><strong>\u2013 Trevor<\/strong>, Reino Unido<\/footer>\n<\/blockquote>\n<blockquote lang=\"it\">\n<p>\u2b50\u2b50\u2b50\u2b50\u2b50 \u201eVisita molto interessante, bravo Carlo che riesce a catturare l&#8217;attenzione con aneddoti interessanti.\u00bb<\/p>\n<footer><strong>\u2013 Giorgia<\/strong>, Italia \u00b7 <time datetime=\"2018-02\">Febrero 2018<\/time><\/footer>\n<\/blockquote>\n<blockquote lang=\"da\">\n<p>\u2b50\u2b50\u2b50\u2b50\u2b50 \u201eSuper tur med Carlo som guide. Var god til at forklare og guidede os godt igennem alle de forskellige sev\u00e6rdigheder.\u00bb<\/p>\n<footer><strong>\u2013 Nicolai<\/strong>, Dinamarca \u00b7 <time datetime=\"2018-01\">Enero 2018<\/time><\/footer>\n<\/blockquote>\n<p class=\"mb-cta\" role=\"group\" aria-label=\"Consulta corporativa\"><a class=\"btn btn-secondary\" href=\"mailto:info@tourguideme-berlin.com?subject=Consulta%20Corporativa%20%E2%80%93%20TourguideMe%20Berlin\">\ud83c\udfe2 Enviar consulta corporativa<\/a><\/p>\n<\/div>\n<\/section>\n<hr aria-hidden=\"true\" \/>\n<p><!-- \u2500\u2500 BLOCK 4: HIGHLIGHT PRUSIA \u2500\u2500 --><\/p>\n<section class=\"testimonials-highlight\" aria-labelledby=\"highlight-title\">\n<div class=\"container\">\n<h2 id=\"highlight-title\"><span aria-hidden=\"true\">\ud83c\udfc6<\/span> Opini\u00f3n destacada: Tour <a href=\"https:\/\/es.wikipedia.org\/wiki\/Prusia\" target=\"_blank\" rel=\"noopener noreferrer nofollow\">Gloria de Prusia<\/a><\/h2>\n<blockquote lang=\"de\">\n<p>\u2b50\u2b50\u2b50\u2b50\u2b50 \u201eNach einem grossartigen Wochenende in Berlin hatte mich der Z\u00fcrcher-Alltag wieder in Beschlag genommen. So erlaube ich mir, Ihnen im Namen unserer ganzen Gruppe sehr herzlich f\u00fcr Ihre ausgezeichnete Stadtf\u00fchrung mit spannenden Einblicken in die Geschichte Preussens zu danken \u2013 und TourguideMe w\u00e4rmstens weiter zu empfehlen.<\/p>\n<p>Eigentlich h\u00e4tten wir Ihnen noch lange folgen und zuh\u00f6ren m\u00f6gen \u2013 ein n\u00e4chstes Mal m\u00fcsste es dann wohl Charlottenburg und Potsdam sein\u2026 Wir alle waren von Berlin so begeistert, dass wir in der w\u00e4rmeren Jahreszeit nochmals unsere Freundin besuchen wollen.\u00bb<\/p>\n<footer><strong>\u2013 Hu\u00e9sped de Z\u00farich<\/strong>, <time datetime=\"2017-11\">Noviembre 2017<\/time><\/footer>\n<\/blockquote>\n<p class=\"mb-cta\" role=\"group\" aria-label=\"Tour Gloria de Prusia\"><a class=\"btn btn-primary\" href=\"https:\/\/www.tourguideme-berlin.com\/es\/tours\/\">\ud83c\udfdb\ufe0f Descubrir Tour Gloria de Prusia<\/a><\/p>\n<\/div>\n<\/section>\n<hr aria-hidden=\"true\" \/>\n<p><!-- \u2500\u2500 BLOCK 5: POR QU\u00c9 TOURGUIDEME \u2500\u2500 --><\/p>\n<section class=\"why-us\" aria-labelledby=\"why-us-title\">\n<div class=\"container\">\n<h2 id=\"why-us-title\"><span aria-hidden=\"true\">\u2b50<\/span> Por qu\u00e9 nuestros hu\u00e9spedes recomiendan TourguideMe<\/h2>\n<ul class=\"why-us__list\" role=\"list\" aria-labelledby=\"why-us-title\">\n<li><span aria-hidden=\"true\">\ud83d\udc65<\/span> <strong>Tours privados<\/strong> \u2013 solo t\u00fa y tu grupo, sin extra\u00f1os<\/li>\n<li><span aria-hidden=\"true\">\ud83d\udde3\ufe0f<\/span> <strong>Gu\u00edas personales<\/strong> con aut\u00e9ntico conocimiento local<\/li>\n<li><span aria-hidden=\"true\">\u23f0<\/span> <strong>Flexible:<\/strong> Ruta, ritmo y duraci\u00f3n adaptables individualmente<\/li>\n<li><span aria-hidden=\"true\">\ud83c\udf0d<\/span> <strong>Multiling\u00fce:<\/strong> Espa\u00f1ol, ingl\u00e9s, alem\u00e1n \u2013 otros bajo petici\u00f3n<\/li>\n<li><span aria-hidden=\"true\">\ud83d\udcb6<\/span> <strong>Precios cerrados transparentes<\/strong> y respuesta r\u00e1pida<\/li>\n<li><span aria-hidden=\"true\">\u2b50<\/span> <strong>4,9\/5,0 Rating<\/strong> en Tripadvisor, Google y GetYourGuide<\/li>\n<\/ul>\n<p class=\"mb-cta\" role=\"group\" aria-label=\"Reservar tour\"><a class=\"btn btn-primary\" href=\"https:\/\/www.tourguideme-berlin.com\/es\/tours\/\">\ud83c\udfdb\ufe0f Reservar un tour<\/a><\/p>\n<\/div>\n<\/section>\n<hr aria-hidden=\"true\" \/>\n<p><!-- \u2500\u2500 BLOCK 6: CTA FINAL \u2500\u2500 --><\/p>\n<section id=\"consulta\" class=\"cta-block\" aria-labelledby=\"consulta-title\">\n<div class=\"container\">\n<h2 id=\"consulta-title\"><span aria-hidden=\"true\">\ud83d\udce9<\/span> Solicita tu tour privado guiado por Berl\u00edn<\/h2>\n<p>Compru\u00e9balo t\u00fa mismo \u2013 reserva tu tour personal y descubre Berl\u00edn con un gu\u00eda que vive y respira la ciudad.<\/p>\n<div class=\"cta-block__actions\" role=\"group\" aria-label=\"Opciones de contacto\">\n<p class=\"mb-cta\"><a class=\"btn btn-primary\" href=\"https:\/\/www.tourguideme-berlin.com\/es\/tours\/\">\ud83c\udfdb\ufe0f Todos los tours y precios<\/a><\/p>\n<p class=\"mb-cta\"><a class=\"btn btn-secondary\" href=\"https:\/\/www.tourguideme-berlin.com\/es\/contacto\/\">\ud83d\udccb Formulario de contacto<\/a><\/p>\n<p class=\"mb-cta\"><a class=\"btn btn-whatsapp\" style=\"color: #25d366;\" href=\"https:\/\/wa.me\/4915129460999?text=Hola%2C%20me%20gustar%C3%ADa%20reservar%20un%20tour%20%E2%80%93%20las%20rese%C3%B1as%20me%20han%20convencido.\" target=\"_blank\" rel=\"noopener noreferrer\" aria-label=\"Consulta por WhatsApp (abre ventana nueva)\">\ud83d\udcac WhatsApp<\/a><\/p>\n<p class=\"mb-cta\"><a class=\"btn btn-secondary\" href=\"mailto:info@tourguideme-berlin.com?subject=Consulta%20Tour%20Guiado%20Berl%C3%ADn\">\ud83d\udce7 Consulta por correo<\/a><\/p>\n<p class=\"mb-cta\"><a class=\"btn btn-phone\" href=\"tel:+4915129460999\"><span aria-hidden=\"true\">\ud83d\udcde<\/span> +49 151 2946 0999<\/a><\/p>\n<\/div>\n<p class=\"small\"><strong>Consejo:<\/strong> Empieza con las <a href=\"https:\/\/www.tourguideme-berlin.com\/es\/atracciones-berlin\/\">principales atracciones<\/a> y elige despu\u00e9s tu <a href=\"https:\/\/www.tourguideme-berlin.com\/es\/paseo-guiado-berlin\/\">paseo guiado a pie<\/a> o un <a href=\"https:\/\/www.tourguideme-berlin.com\/es\/recorrido-berlin\/\">recorrido en veh\u00edculo<\/a>. <strong>Excursiones de un d\u00eda:<\/strong> <a href=\"https:\/\/tourguideme-potsdam.com\/\">descubre Potsdam<\/a>.<\/p>\n<p class=\"mb-cta\" role=\"group\" aria-label=\"Navegaci\u00f3n\"><a class=\"btn btn-secondary\" href=\"https:\/\/www.tourguideme-berlin.com\/es\/\">\ud83c\udfe0 Volver a la p\u00e1gina principal<\/a><\/p>\n<p class=\"footer-copy\" style=\"text-align: center;\">\u00a9 TourguideMe Berlin \u2013 Tours Privados Guiados y Recorridos por Berl\u00edn desde 2015.<\/p>\n<ul class=\"trust-badges\" style=\"text-align: center; list-style: none; display: flex; justify-content: center; gap: 0.5em; flex-wrap: wrap; padding: 0; margin: 0;\" role=\"list\" aria-label=\"Indicadores de calidad\">\n<li aria-label=\"Valoraci\u00f3n 4,9 de 5,0 estrellas\">\u2b50 4.9\/5.0<\/li>\n<li aria-hidden=\"true\">\u00b7<\/li>\n<li>\u2713 2.500+ Tours<\/li>\n<li aria-hidden=\"true\">\u00b7<\/li>\n<li aria-label=\"Idiomas disponibles: espa\u00f1ol, ingl\u00e9s, alem\u00e1n\">\ud83c\uddea\ud83c\uddf8\ud83c\uddec\ud83c\udde7\ud83c\udde9\ud83c\uddea<\/li>\n<\/ul>\n<\/div>\n<\/section>\n<p><!-- \u2550\u2550\u2550\u2550\u2550\u2550\u2550 SCHEMA \u2550\u2550\u2550\u2550\u2550\u2550\u2550 --><br \/>\n<script type=\"application\/ld+json\">\n{\n  \"@context\": \"https:\/\/schema.org\",\n  \"@graph\": [\n    {\"@type\": \"WebSite\", \"@id\": \"https:\/\/www.tourguideme-berlin.com\/#website\", \"url\": \"https:\/\/www.tourguideme-berlin.com\/\", \"name\": \"TourguideMe Berlin\", \"inLanguage\": [\"de\",\"en\",\"es\"], \"publisher\": {\"@id\": \"https:\/\/www.tourguideme-berlin.com\/#localbusiness\"}},\n    {\"@type\": \"WebPage\", \"@id\": \"https:\/\/www.tourguideme-berlin.com\/es\/resenas\/#webpage\", \"url\": \"https:\/\/www.tourguideme-berlin.com\/es\/resenas\/\", \"name\": \"Rese\u00f1as \u2013 Opiniones de hu\u00e9spedes | TourguideMe Berlin\", \"description\": \"Rese\u00f1as reales de hu\u00e9spedes, familias, empresas y visitantes internacionales sobre tours privados guiados con TourguideMe Berlin. 4,9\/5,0 estrellas.\", \"datePublished\": \"2025-06-01\", \"dateModified\": \"2026-03-07\", \"isPartOf\": {\"@id\": \"https:\/\/www.tourguideme-berlin.com\/#website\"}, \"about\": {\"@id\": \"https:\/\/www.tourguideme-berlin.com\/#localbusiness\"}, \"breadcrumb\": {\"@id\": \"https:\/\/www.tourguideme-berlin.com\/es\/resenas\/#breadcrumb\"}, \"inLanguage\": \"es\", \"translationOfWork\": {\"@id\": \"https:\/\/www.tourguideme-berlin.com\/bewertungen\/#webpage\"}, \"workTranslation\": [{\"@id\": \"https:\/\/www.tourguideme-berlin.com\/bewertungen\/#webpage\"},{\"@id\": \"https:\/\/www.tourguideme-berlin.com\/en\/reviews\/#webpage\"}], \"significantLink\": [\"https:\/\/www.tourguideme-berlin.com\/es\/tours\/\",\"https:\/\/www.tourguideme-berlin.com\/es\/contacto\/\",\"https:\/\/www.tourguideme-berlin.com\/es\/paseo-guiado-berlin\/\",\"https:\/\/www.tourguideme-berlin.com\/es\/recorrido-berlin\/\",\"https:\/\/www.tourguideme-berlin.com\/es\/atracciones-berlin\/\"], \"speakable\": {\"@type\": \"SpeakableSpecification\", \"cssSelector\": [\"#hero-title\",\".hero__lead\",\".hero__definition\",\"#testimonials-title\",\"#business-title\",\"#why-us-title\",\"#consulta-title\"]}, \"mentions\": [{\"@type\": \"City\", \"name\": \"Berl\u00edn\", \"sameAs\": [\"https:\/\/es.wikipedia.org\/wiki\/Berl%C3%ADn\",\"https:\/\/www.wikidata.org\/wiki\/Q64\"]},{\"@type\": \"City\", \"name\": \"Potsdam\", \"sameAs\": [\"https:\/\/es.wikipedia.org\/wiki\/Potsdam\",\"https:\/\/www.wikidata.org\/wiki\/Q1711\"]},{\"@type\": \"Thing\", \"name\": \"Prusia\", \"sameAs\": [\"https:\/\/es.wikipedia.org\/wiki\/Prusia\",\"https:\/\/www.wikidata.org\/wiki\/Q38872\"]}]},\n    {\"@type\": \"BreadcrumbList\", \"@id\": \"https:\/\/www.tourguideme-berlin.com\/es\/resenas\/#breadcrumb\", \"itemListElement\": [{\"@type\": \"ListItem\", \"position\": 1, \"name\": \"Inicio\", \"item\": \"https:\/\/www.tourguideme-berlin.com\/es\/\"},{\"@type\": \"ListItem\", \"position\": 2, \"name\": \"Rese\u00f1as\", \"item\": \"https:\/\/www.tourguideme-berlin.com\/es\/resenas\/\"}]},\n    {\"@type\": [\"LocalBusiness\",\"TravelAgency\"], \"@id\": \"https:\/\/www.tourguideme-berlin.com\/#localbusiness\", \"name\": \"TourguideMe Berlin\", \"legalName\": \"AnSou Anhalter Souvenirs UG (haftungsbeschr\u00e4nkt)\", \"url\": \"https:\/\/www.tourguideme-berlin.com\/\", \"telephone\": \"+49 151 29460999\", \"email\": \"info@tourguideme-berlin.com\", \"foundingDate\": \"2015\", \"priceRange\": \"\u20ac \u2013 \u20ac\u20ac\u20ac\", \"knowsLanguage\": [\"es\",\"en\",\"de\"], \"address\": {\"@type\": \"PostalAddress\", \"streetAddress\": \"Kantstra\u00dfe 141\", \"postalCode\": \"10623\", \"addressLocality\": \"Berlin\", \"addressCountry\": \"DE\"}, \"areaServed\": [{\"@type\": \"City\", \"name\": \"Berl\u00edn\", \"sameAs\": [\"https:\/\/es.wikipedia.org\/wiki\/Berl%C3%ADn\",\"https:\/\/www.wikidata.org\/wiki\/Q64\"]},{\"@type\": \"City\", \"name\": \"Potsdam\", \"sameAs\": [\"https:\/\/es.wikipedia.org\/wiki\/Potsdam\",\"https:\/\/www.wikidata.org\/wiki\/Q1711\"]}], \"geo\": {\"@type\": \"GeoCoordinates\", \"latitude\": 52.5057, \"longitude\": 13.3193}, \"hasMap\": \"https:\/\/www.google.com\/maps?q=Kantstra%C3%9Fe+141,+10623+Berlin\", \"founder\": {\"@type\": \"Person\", \"name\": \"Max Gonzalez\", \"jobTitle\": \"Historiador y Gu\u00eda Tur\u00edstico\", \"hasCredential\": {\"@type\": \"EducationalOccupationalCredential\", \"name\": \"Gu\u00eda Tur\u00edstico Certificado\", \"credentialCategory\": \"Certification\", \"recognizedBy\": {\"@type\": \"Organization\", \"name\": \"IHK Berlin\"}}}, \"sameAs\": [\"https:\/\/www.google.com\/maps\/place\/?q=place_id:ChIJ6wd56yBRqEcR1Po4lS60faU\",\"https:\/\/www.tripadvisor.de\/Attraction_Review-g187323-d11805413-Reviews-TourguideMe_Berlin-Berlin.html\",\"https:\/\/www.getyourguide.de\/berlin-l17\/berlin-rundgang-durch-die-top-10-sightseeing-attraktionen-t95631\/\"], \"aggregateRating\": {\"@type\": \"AggregateRating\", \"ratingValue\": \"4.9\", \"bestRating\": \"5\", \"worstRating\": \"1\", \"reviewCount\": \"180\"}, \"review\": [{\"@type\": \"Review\", \"author\": {\"@type\": \"Person\", \"name\": \"Gordon\"}, \"datePublished\": \"2025-12\", \"inLanguage\": \"en\", \"reviewBody\": \"Carlos, our guide, was very friendly and informative. We had a very good walk around Berlin. He was very knowledgeable. I would recommend this tour to anyone.\", \"reviewRating\": {\"@type\": \"Rating\", \"ratingValue\": \"5\", \"bestRating\": \"5\", \"worstRating\": \"1\"}},{\"@type\": \"Review\", \"author\": {\"@type\": \"Person\", \"name\": \"Trevor\"}, \"datePublished\": \"2024-12\", \"inLanguage\": \"en\", \"reviewBody\": \"Our guide, Max, was very knowledgeable and answered all our questions. It was truly a memorable experience.\", \"reviewRating\": {\"@type\": \"Rating\", \"ratingValue\": \"5\", \"bestRating\": \"5\", \"worstRating\": \"1\"}},{\"@type\": \"Review\", \"author\": {\"@type\": \"Person\", \"name\": \"Steffi\"}, \"datePublished\": \"2024-11\", \"reviewBody\": \"Unser Guide war super nett, kompetent und freundlich. Er ist auf alle Fragen eingegangen und hatte eine super Kenntnis \u00fcber Berlin.\", \"reviewRating\": {\"@type\": \"Rating\", \"ratingValue\": \"5\", \"bestRating\": \"5\", \"worstRating\": \"1\"}},{\"@type\": \"Review\", \"author\": {\"@type\": \"Organization\", \"name\": \"Variotherm Heizsysteme GmbH\"}, \"datePublished\": \"2017-11\", \"reviewBody\": \"Die F\u00fchrung war sehr toll. Die Kollegen haben geschw\u00e4rmt. Sehr professionell mit Berliner Charme \u2013 einfach spitze!\", \"reviewRating\": {\"@type\": \"Rating\", \"ratingValue\": \"5\", \"bestRating\": \"5\", \"worstRating\": \"1\"}},{\"@type\": \"Review\", \"author\": {\"@type\": \"Person\", \"name\": \"Giorgia\"}, \"datePublished\": \"2018-02\", \"inLanguage\": \"it\", \"reviewBody\": \"Visita molto interessante, bravo Carlo che riesce a catturare l'attenzione con aneddoti interessanti.\", \"reviewRating\": {\"@type\": \"Rating\", \"ratingValue\": \"5\", \"bestRating\": \"5\", \"worstRating\": \"1\"}}]}\n  ]\n}\n<\/script><\/p>\n","protected":false},"excerpt":{"rendered":"<p>\u2b50 Rese\u00f1as \u2013 TourguideMe Berlin M\u00e1s de 180 valoraciones con una media de 4,9 de 5,0 estrellas en Google, Tripadvisor y GetYourGuide. Voces reales de familias, parejas, empresas y visitantes internacionales de Berl\u00edn y de todo el mundo \u2013 las m\u00e1s recientes primero. \u2b50\u2b50\u2b50\u2b50\u2b50 \u00abCarlos, our guide, was very friendly and informative. We had a<\/p>\n","protected":false},"author":3,"featured_media":0,"parent":0,"menu_order":0,"comment_status":"closed","ping_status":"closed","template":"temp-two-boxes.php","meta":{"footnotes":""},"class_list":["post-7496","page","type-page","status-publish","hentry"],"_links":{"self":[{"href":"https:\/\/www.tourguideme-berlin.com\/es\/wp-json\/wp\/v2\/pages\/7496","targetHints":{"allow":["GET"]}}],"collection":[{"href":"https:\/\/www.tourguideme-berlin.com\/es\/wp-json\/wp\/v2\/pages"}],"about":[{"href":"https:\/\/www.tourguideme-berlin.com\/es\/wp-json\/wp\/v2\/types\/page"}],"author":[{"embeddable":true,"href":"https:\/\/www.tourguideme-berlin.com\/es\/wp-json\/wp\/v2\/users\/3"}],"replies":[{"embeddable":true,"href":"https:\/\/www.tourguideme-berlin.com\/es\/wp-json\/wp\/v2\/comments?post=7496"}],"version-history":[{"count":8,"href":"https:\/\/www.tourguideme-berlin.com\/es\/wp-json\/wp\/v2\/pages\/7496\/revisions"}],"predecessor-version":[{"id":7647,"href":"https:\/\/www.tourguideme-berlin.com\/es\/wp-json\/wp\/v2\/pages\/7496\/revisions\/7647"}],"wp:attachment":[{"href":"https:\/\/www.tourguideme-berlin.com\/es\/wp-json\/wp\/v2\/media?parent=7496"}],"curies":[{"name":"wp","href":"https:\/\/api.w.org\/{rel}","templated":true}]}}